{"id":12744,"date":"2018-12-10T17:15:30","date_gmt":"2018-12-10T16:15:30","guid":{"rendered":"https:\/\/optogenerapy.eu\/ms-patientenbefragung\/"},"modified":"2019-05-30T16:59:45","modified_gmt":"2019-05-30T15:59:45","slug":"ms-patientenbefragung","status":"publish","type":"page","link":"https:\/\/optogenerapy.eu\/de\/ms-patientenbefragung\/","title":{"rendered":"MS-Patientenbefragung"},"content":{"rendered":"<div class=\"wpb-content-wrapper\"><p>[vc_row][vc_column][vc_single_image image=&#8220;12629&#8243; img_size=&#8220;1900&#215;350&#8243;][\/vc_column][\/vc_row][vc_row css=&#8220;.vc_custom_1544454670638{background-color: #662483 !important;}&#8220;][vc_column width=&#8220;2\/3&#8243;][vc_column_text css=&#8220;.vc_custom_1549539971685{padding-top: 50px !important;padding-right: 50px !important;padding-bottom: 10px !important;padding-left: 50px !important;}&#8220;]<\/p>\n<h1><span style=\"color: #ffffff;\">Leiden Sie an Multipler Sklerose?<\/span><\/h1>\n<h1><span style=\"color: #ffffff;\">Nehmen Sie am Optogenerapy-Projekt teil!<\/span><\/h1>\n<p>[\/vc_column_text][vc_column_text css=&#8220;.vc_custom_1559062174676{border-right-width: 20px !important;padding-top: 50px !important;padding-right: 200px !important;padding-bottom: 50px !important;padding-left: 50px !important;}&#8220;]<\/p>\n<h4><span style=\"color: #ffffff;\"><span lang=\"EN-GB\">Wir suchen <strong>Patienten mit Multipler Sklerose, die uns Informationen \u00fcber ihre Lebensqualit\u00e4t und ihren Gesundheitszustand<\/strong> sowie die <strong>Gr\u00fcnde f\u00fcr die Wahl der Behandlung<\/strong> liefern. Die Umfrage hilft dem Optogenerapy-Projektkonsortium, Einblicke in und Erkenntnisse \u00fcber die Bed\u00fcrfnisse der Patienten zu gewinnen und die m\u00f6glichen Auswirkungen der Optogenerapie auf ihre Lebensqualit\u00e4t zu analysieren<\/span><span lang=\"EN-GB\">.<\/span><\/span><\/h4>\n<p>&nbsp;<\/p>\n<h4><\/h4>\n<h4><span lang=\"EN-GB\" style=\"color: #ffffff;\">Wenn Sie MS-Patient sind, laden wir Sie ein, an unserer Umfrage teilzunehmen. Die Umfrage besteht aus einer Reihe von Fragen, die in <strong>drei Bereiche <\/strong>aufgeteilt sind.Der erste Teil enth\u00e4lt allgemeine Fragen zu den Themen <b>Patientendemographie<\/b>, mit dem zweiten Teil wird Ihr allgemeiner <b>Gesundheitszustand<\/b> gemessen, und der dritte Teil besteht aus Fragen zu Ihrer <b>Lebensqualit\u00e4t<\/b>.<\/span><\/h4>\n<h4><span lang=\"EN-GB\" style=\"color: #ffffff;\">Um die Umfrage beenden und versenden zu k\u00f6nnen, m\u00fcssen die Teilnehmer alle Felder ausf\u00fcllen.<\/span><\/h4>\n<p>&nbsp;<\/p>\n<h4><\/h4>\n<h4><\/h4>\n<h4><span style=\"color: #ffffff;\"><u><b><a style=\"color: #ffffff;\" href=\"https:\/\/optogenerapy.eu\/wp-content\/uploads\/2019\/05\/EN_InformedConsent_de-2.pdf\" target=\"_blank\" rel=\"noopener noreferrer\">Lesen Sie vor Beginn der Umfrage die Einwilligungserkl\u00e4rung.<\/a><\/b><\/u> Sie werden aufgefordert, diese zu akzeptieren.<\/span><\/h4>\n<p>&nbsp;<\/p>\n<p>&nbsp;<\/p>\n<p><a href=\"https:\/\/erasmusuniversity.eu.qualtrics.com\/jfe\/form\/SV_cZocjoTX5BDGntz\" target=\"_blank\" style=\"color: #ffffff;font-size: 16px\" class=\"qodef-btn qodef-btn-huge qodef-btn-outline\"  >\n        <span class=\"qodef-btn-text\">KLICKEN SIE HIER, UM MIT DER UMFRAGE ZU BEGINNEN<\/span>\n    <span class=\"qodef-btn-text-icon\"><i class=\"qodef-icon-font-awesome fa  \" ><\/i><\/span>\n<\/a>[\/vc_column_text][\/vc_column][vc_column width=&#8220;1\/3&#8243;][\/vc_column][\/vc_row][vc_row css=&#8220;.vc_custom_1554305188789{background-color: #ffffff !important;}&#8220;][vc_column][vc_column_text css=&#8220;.vc_custom_1554305198855{border-top-width: 20px !important;border-right-width: 20px !important;border-bottom-width: 0px !important;border-left-width: 20px !important;padding-top: 50px !important;padding-right: 50px !important;padding-bottom: 0px !important;padding-left: 50px !important;}&#8220;]<\/p>\n<h2>\u00dcber die Studie<\/h2>\n<p>[\/vc_column_text][vc_column_text css=&#8220;.vc_custom_1556807158891{padding-top: 50px !important;padding-right: 200px !important;padding-bottom: 50px !important;padding-left: 50px !important;}&#8220;]<\/p>\n<h4><span lang=\"EN-GB\">Die Studie wird von der Erasmus School of Health Policy &amp; Management (ESHPM) an der Erasmus University Rotterdam (EUR), Niederlande, durchgef\u00fchrt.<\/span><\/h4>\n<p>&nbsp;<\/p>\n<h4 class=\"BodyB\"><b><span lang=\"EN-GB\">M\u00f6gliche Risiken und Nachteile:\u00a0<\/span><\/b><span lang=\"EN-GB\">Mit Ihrer Teilnahme an dieser Studie sind keine physischen, juristischen oder wirtschaftlichen Risiken verbunden. Sie m\u00fcssen keine Fragen beantworten, die Sie nicht beantworten wollen. Ihre Teilnahme ist freiwillig und Sie k\u00f6nnen diese jederzeit beenden.<\/span><\/h4>\n<p>&nbsp;<\/p>\n<h4 class=\"BodyB\"><b><span lang=\"EN-GB\">Verg\u00fctung:\u00a0<\/span><\/b><span lang=\"EN-GB\">Sie erhalten f\u00fcr die Teilnahme an dieser Studie keine Verg\u00fctung.<\/span><\/h4>\n<p>&nbsp;<\/p>\n<h4 class=\"BodyB\"><b><span lang=\"EN-GB\">Freiwillige Teilnahme:\u00a0<\/span><\/b><span lang=\"EN-GB\">Die Teilnahme an dieser Studie erfolgt freiwillig und anonym. Wir k\u00f6nnen die Ergebnisse nicht den einzelnen Umfrageteilnehmern zuordnen. Als Teilnehmer k\u00f6nnen Sie jederzeit und ohne Angabe von Gr\u00fcnden Ihre Teilnahme an der Studie beenden oder der Nutzung Ihrer Daten f\u00fcr die Studie widersprechen. Die Beendigung der Teilnahme hat f\u00fcr Sie keine nachteiligen Folgen und auch keine Auswirkungen auf eine bereits erhaltene Verg\u00fctung.<\/span><\/h4>\n<p>&nbsp;<\/p>\n<h4 class=\"BodyB\"><span lang=\"EN-GB\">Bitte beachten Sie jedoch, dass Sie nach dem Absenden der Umfrage Ihre Ergebnisse nicht mehr \u00e4ndern bzw. nicht mehr ihre L\u00f6schung verlangen k\u00f6nnen. Die von Ihnen erhobenen Daten werden nur von Forschern desselben Forschungsbereichs an der Erasmus-Universit\u00e4t verwendet. Wir werden Ihre personenbezogenen Daten niemals an Dritte weitergeben oder Ihnen Spam zusenden.<\/span><\/h4>\n<p>&nbsp;<\/p>\n<h4><span lang=\"EN-GB\">Wenn Sie sich w\u00e4hrend der Studie entscheiden, Ihre Zusammenarbeit zu beenden, werden die von Ihnen bereits zur Verf\u00fcgung gestellten Informationen bis zum Zeitpunkt des Widerrufs der Zustimmung verwendet.<\/span><span lang=\"EN-GB\">.<\/span><\/h4>\n<p>[\/vc_column_text][\/vc_column][\/vc_row][vc_row css=&#8220;.vc_custom_1544451357661{background-color: #f2f2f2 !important;}&#8220;][vc_column][vc_column_text css=&#8220;.vc_custom_1544455313435{border-top-width: 20px !important;border-right-width: 20px !important;border-bottom-width: 0px !important;border-left-width: 20px !important;padding-top: 50px !important;padding-right: 50px !important;padding-bottom: 0px !important;padding-left: 50px !important;}&#8220;]<\/p>\n<h2>Worum handelt es sich bei dem Optogenerapy-Projekt?<\/h2>\n<p>[\/vc_column_text][vc_column_text css=&#8220;.vc_custom_1558092045282{padding-top: 50px !important;padding-right: 200px !important;padding-bottom: 50px !important;padding-left: 50px !important;}&#8220;]<\/p>\n<h4>Optogenerapy ist ein <strong>Europ\u00e4isches Forschungsprojekt<\/strong>, das aus dem Programm Horizon 2020 der Europ\u00e4ischen Union im Rahmen von Call ICT-21-2016 \u201eSupport technology transfer to the creative industries\u201c unter der Grant Agreement Number 720694 finanziert wird.<\/h4>\n<p>&nbsp;<\/p>\n<h4>Ziel des Optogenerapy-Projekts ist die Entwicklung und Demonstration eines subkutan implantierten biomedizinischen Ger\u00e4ts zur Behandlung der Multiplen Sklerose. Die Optogenerapy-Behandlung befindet sich noch in einem fr\u00fchen Forschungsstadium und ist nicht auf dem Markt verf\u00fcgbar. Mit der Behandlung sollen Nebenwirkungen, zu denen es bei aktuellen Behandlungen mit t\u00e4glichen und w\u00f6chentlichen Injektionen kommt, vermieden und so die Lebensqualit\u00e4t der Patienten verbessert und eine bessere Einhaltung der Behandlung durch die Patienten erreicht werden.<\/h4>\n<p>&nbsp;<\/p>\n<h4>Das Medizinprodukt setzt den Wirkstoff des Medikaments mittels eines Infrarot-LED-Lichts frei, das die Produktion von therapeutischen Proteinen durch im Ger\u00e4t vorhandene gentechnisch ver\u00e4nderte Zellen aktiviert.<\/h4>\n<p>&nbsp;<\/p>\n<h4 class=\"BodyB\"><span lang=\"EN-GB\">Um die Kosteneffizienz des Optogenerapy-Implantats in verschiedenen europ\u00e4ischen L\u00e4ndern bewerten zu k\u00f6nnen, ist es wichtig, Informationen \u00fcber die Auswirkungen der aktuellen Behandlung auf die Lebensqualit\u00e4t und den Gesundheitszustand von Patienten mit Multipler Sklerose zu sammeln. Die Forschungsdaten werden in Berichten und wissenschaftlichen Publikationen verwendet.<\/span><\/h4>\n<p>&nbsp;<\/p>\n<h4>Wenn Sie mehr \u00fcber das Optogenerapy-Projekt und die zu erwartenden Auswirkungen erfahren m\u00f6chten, besuchen Sie bitte unsere Webseite <a href=\"https:\/\/optogenerapy.eu\/about-optogenerapy\/\" target=\"_blank\" rel=\"noopener noreferrer\"><span style=\"color: #800080;\">About Us<\/span>\u00a0<\/a>page.<\/h4>\n<p>[\/vc_column_text][\/vc_column][\/vc_row][vc_row css=&#8220;.vc_custom_1544459247471{border-bottom-width: 20px !important;padding-top: 50px !important;padding-right: 50px !important;padding-bottom: 50px !important;padding-left: 50px !important;background-color: #ffffff !important;}&#8220;][vc_column width=&#8220;1\/2&#8243;][vc_column_text css=&#8220;.vc_custom_1544460595605{padding-bottom: 20px !important;}&#8220;]<\/p>\n<h2>Nehmen Sie an unserer Umfrage teil!<\/h2>\n<p>[\/vc_column_text][vc_column_text css=&#8220;.vc_custom_1544460601963{padding-bottom: 20px !important;}&#8220;]<\/p>\n<h4>Bitte helfen Sie uns bei der Entwicklung einer besseren Behandlung der Multiplen Sklerose, indem Sie uns Informationen \u00fcber Ihre Behandlungspr\u00e4ferenzen und Erkenntnisse \u00fcber die Krankheit zur Verf\u00fcgung stellen.<\/h4>\n<p>&nbsp;<\/p>\n<h4>Ihre Daten werden in aggregierter Form f\u00fcr interne Zwecke verwendet und niemals an Dritte weitergegeben oder ver\u00f6ffentlicht<\/h4>\n<p>[\/vc_column_text][vc_column_text]<a href=\"https:\/\/erasmusuniversity.eu.qualtrics.com\/jfe\/form\/SV_cZocjoTX5BDGntz\" target=\"_blank\" style=\"background-color: #662483;font-size: 16px\" class=\"qodef-btn qodef-btn-huge qodef-btn-solid\"  >\n        <span class=\"qodef-btn-text\">AN UNSERER UMFRAGE TEILNEHMEN<\/span>\n    <span class=\"qodef-btn-text-icon\"><i class=\"qodef-icon-font-awesome fa  \" ><\/i><\/span>\n<\/a>[\/vc_column_text][\/vc_column][vc_column width=&#8220;1\/2&#8243;][vc_column_text css=&#8220;.vc_custom_1544459521225{padding-bottom: 20px !important;}&#8220;]<\/p>\n<h2>Kontaktieren Sie uns<\/h2>\n<p>[\/vc_column_text][vc_column_text css=&#8220;.vc_custom_1544460541466{padding-bottom: 20px !important;}&#8220;]<\/p>\n<h4>Wenn Sie Fragen zu unserer Umfrage haben, mehr \u00fcber das Projekt erfahren m\u00f6chten oder an den Projektergebnissen interessiert sind, z\u00f6gern Sie bitte nicht, uns \u00fcber das folgende Formular zu kontaktieren<\/h4>\n<p>[\/vc_column_text]\n<div class=\"wpcf7 no-js\" id=\"wpcf7-f12818-o1\" lang=\"de-DE\" dir=\"ltr\" data-wpcf7-id=\"12818\">\n<div class=\"screen-reader-response\"><p role=\"status\" aria-live=\"polite\" aria-atomic=\"true\"><\/p> <ul><\/ul><\/div>\n<form action=\"\/de\/wp-json\/wp\/v2\/pages\/12744#wpcf7-f12818-o1\" method=\"post\" class=\"wpcf7-form init\" aria-label=\"Kontaktformular\" novalidate=\"novalidate\" data-status=\"init\">\n<fieldset class=\"hidden-fields-container\"><input type=\"hidden\" name=\"_wpcf7\" value=\"12818\" \/><input type=\"hidden\" name=\"_wpcf7_version\" value=\"6.1.5\" \/><input type=\"hidden\" name=\"_wpcf7_locale\" value=\"de_DE\" \/><input type=\"hidden\" name=\"_wpcf7_unit_tag\" value=\"wpcf7-f12818-o1\" \/><input type=\"hidden\" name=\"_wpcf7_container_post\" value=\"0\" \/><input type=\"hidden\" name=\"_wpcf7_posted_data_hash\" value=\"\" \/><input type=\"hidden\" name=\"_wpcf7_recaptcha_response\" value=\"\" \/>\n<\/fieldset>\n<p><label> Ihr Name (erforderlich)<br \/>\n<span class=\"wpcf7-form-control-wrap\" data-name=\"your-name\"><input size=\"40\" maxlength=\"400\" class=\"wpcf7-form-control wpcf7-text wpcf7-validates-as-required\" aria-required=\"true\" aria-invalid=\"false\" value=\"\" type=\"text\" name=\"your-name\" \/><\/span> <\/label>\n<\/p>\n<p><label> Ihre E-Mail-Adresse (erforderlich)<br \/>\n<span class=\"wpcf7-form-control-wrap\" data-name=\"your-email\"><input size=\"40\" maxlength=\"400\" class=\"wpcf7-form-control wpcf7-email wpcf7-validates-as-required wpcf7-text wpcf7-validates-as-email\" aria-required=\"true\" aria-invalid=\"false\" value=\"\" type=\"email\" name=\"your-email\" \/><\/span> <\/label>\n<\/p>\n<p><label> Ihre Nachricht<br \/>\n<span class=\"wpcf7-form-control-wrap\" data-name=\"your-message\"><textarea cols=\"40\" rows=\"10\" maxlength=\"2000\" class=\"wpcf7-form-control wpcf7-textarea\" aria-invalid=\"false\" name=\"your-message\"><\/textarea><\/span> <\/label>\n<\/p>\n<p><span class=\"wpcf7-form-control-wrap\" data-name=\"Hallegitiacceptalavslegal\"><span class=\"wpcf7-form-control wpcf7-acceptance\"><span class=\"wpcf7-list-item\"><input type=\"checkbox\" name=\"Hallegitiacceptalavslegal\" value=\"1\" aria-invalid=\"false\" \/><\/span><\/span><\/span><label> Ich akzeptiere die <a href=\"https:\/\/optogenerapy.eu\/policy-privacy\/\">Datenschutzerkl\u00e4rung<\/a> und den <a href=\"https:\/\/optogenerapy.eu\/legal-warning\/\">rechtlichen Hinweis<\/a> von Optogenerapy (erforderlich)<br \/>\n<input class=\"wpcf7-form-control wpcf7-submit has-spinner\" type=\"submit\" value=\"Absenden\" \/><\/label>\n<\/p><div class=\"wpcf7-response-output\" aria-hidden=\"true\"><\/div>\n<\/form>\n<\/div>\n[\/vc_column][\/vc_row]<\/p>\n<\/div>","protected":false},"excerpt":{"rendered":"<p>[vc_row][vc_column][vc_single_image image=&#8220;12629&#8243; img_size=&#8220;1900&#215;350&#8243;][\/vc_column][\/vc_row][vc_row css=&#8220;.vc_custom_1544454670638{background-color: #662483 !important;}&#8220;][vc_column width=&#8220;2\/3&#8243;][vc_column_text css=&#8220;.vc_custom_1549539971685{padding-top: 50px !important;padding-right: 50px !important;padding-bottom: 10px !important;padding-left: 50px !important;}&#8220;] Leiden Sie an Multipler Sklerose?&#8230;<\/p>\n","protected":false},"author":6,"featured_media":12345,"parent":0,"menu_order":0,"comment_status":"closed","ping_status":"closed","template":"full-width.php","meta":{"footnotes":""},"class_list":["post-12744","page","type-page","status-publish","has-post-thumbnail","hentry"],"yoast_head":"<!-- This site is optimized with the Yoast SEO plugin v27.4 - https:\/\/yoast.com\/product\/yoast-seo-wordpress\/ -->\n<title>Leiden Sie an Multipler Sklerose? Nehmen Sie am Optogenerapy-Projekt teil!<\/title>\n<meta name=\"description\" content=\"Wir suchen Patienten mit Multipler Sklerose, die uns Informationen \u00fcber ihre Lebensqualit\u00e4t und ihren Gesundheitszustand sowie die Gr\u00fcnde f\u00fcr die Wahl der Behandlung liefern.\" \/>\n<meta name=\"robots\" content=\"index, follow, max-snippet:-1, max-image-preview:large, max-video-preview:-1\" \/>\n<link rel=\"canonical\" href=\"https:\/\/optogenerapy.eu\/de\/ms-patientenbefragung\/\" \/>\n<meta property=\"og:locale\" content=\"de_DE\" \/>\n<meta property=\"og:type\" content=\"article\" \/>\n<meta property=\"og:title\" content=\"Leiden Sie an Multipler Sklerose? Nehmen Sie am Optogenerapy-Projekt teil!\" \/>\n<meta property=\"og:description\" content=\"Wir suchen Patienten mit Multipler Sklerose, die uns Informationen \u00fcber ihre Lebensqualit\u00e4t und ihren Gesundheitszustand sowie die Gr\u00fcnde f\u00fcr die Wahl der Behandlung liefern.\" \/>\n<meta property=\"og:url\" content=\"https:\/\/optogenerapy.eu\/de\/ms-patientenbefragung\/\" \/>\n<meta property=\"og:site_name\" content=\"Optogenerapy\" \/>\n<meta property=\"article:modified_time\" content=\"2019-05-30T15:59:45+00:00\" \/>\n<meta property=\"og:image\" content=\"https:\/\/optogenerapy.eu\/wp-content\/uploads\/2017\/04\/doctor.jpg\" \/>\n\t<meta property=\"og:image:width\" content=\"600\" \/>\n\t<meta property=\"og:image:height\" content=\"504\" \/>\n\t<meta property=\"og:image:type\" content=\"image\/jpeg\" \/>\n<meta name=\"twitter:card\" content=\"summary_large_image\" \/>\n<meta name=\"twitter:label1\" content=\"Gesch\u00e4tzte Lesezeit\" \/>\n\t<meta name=\"twitter:data1\" content=\"6\u00a0Minuten\" \/>\n<script type=\"application\/ld+json\" class=\"yoast-schema-graph\">{\"@context\":\"https:\\\/\\\/schema.org\",\"@graph\":[{\"@type\":\"WebPage\",\"@id\":\"https:\\\/\\\/optogenerapy.eu\\\/de\\\/ms-patientenbefragung\\\/\",\"url\":\"https:\\\/\\\/optogenerapy.eu\\\/de\\\/ms-patientenbefragung\\\/\",\"name\":\"Leiden Sie an Multipler Sklerose? Nehmen Sie am Optogenerapy-Projekt teil!\",\"isPartOf\":{\"@id\":\"https:\\\/\\\/optogenerapy.eu\\\/de\\\/#website\"},\"primaryImageOfPage\":{\"@id\":\"https:\\\/\\\/optogenerapy.eu\\\/de\\\/ms-patientenbefragung\\\/#primaryimage\"},\"image\":{\"@id\":\"https:\\\/\\\/optogenerapy.eu\\\/de\\\/ms-patientenbefragung\\\/#primaryimage\"},\"thumbnailUrl\":\"https:\\\/\\\/optogenerapy.eu\\\/wp-content\\\/uploads\\\/2017\\\/04\\\/doctor.jpg\",\"datePublished\":\"2018-12-10T16:15:30+00:00\",\"dateModified\":\"2019-05-30T15:59:45+00:00\",\"description\":\"Wir suchen Patienten mit Multipler Sklerose, die uns Informationen \u00fcber ihre Lebensqualit\u00e4t und ihren Gesundheitszustand sowie die Gr\u00fcnde f\u00fcr die Wahl der Behandlung liefern.\",\"breadcrumb\":{\"@id\":\"https:\\\/\\\/optogenerapy.eu\\\/de\\\/ms-patientenbefragung\\\/#breadcrumb\"},\"inLanguage\":\"de\",\"potentialAction\":[{\"@type\":\"ReadAction\",\"target\":[\"https:\\\/\\\/optogenerapy.eu\\\/de\\\/ms-patientenbefragung\\\/\"]}]},{\"@type\":\"ImageObject\",\"inLanguage\":\"de\",\"@id\":\"https:\\\/\\\/optogenerapy.eu\\\/de\\\/ms-patientenbefragung\\\/#primaryimage\",\"url\":\"https:\\\/\\\/optogenerapy.eu\\\/wp-content\\\/uploads\\\/2017\\\/04\\\/doctor.jpg\",\"contentUrl\":\"https:\\\/\\\/optogenerapy.eu\\\/wp-content\\\/uploads\\\/2017\\\/04\\\/doctor.jpg\",\"width\":600,\"height\":504},{\"@type\":\"BreadcrumbList\",\"@id\":\"https:\\\/\\\/optogenerapy.eu\\\/de\\\/ms-patientenbefragung\\\/#breadcrumb\",\"itemListElement\":[{\"@type\":\"ListItem\",\"position\":1,\"name\":\"Inici\",\"item\":\"https:\\\/\\\/optogenerapy.eu\\\/de\\\/\"},{\"@type\":\"ListItem\",\"position\":2,\"name\":\"MS-Patientenbefragung\"}]},{\"@type\":\"WebSite\",\"@id\":\"https:\\\/\\\/optogenerapy.eu\\\/de\\\/#website\",\"url\":\"https:\\\/\\\/optogenerapy.eu\\\/de\\\/\",\"name\":\"Optogenerapy\",\"description\":\"Altre lloc gestionat amb el WordPress\",\"potentialAction\":[{\"@type\":\"SearchAction\",\"target\":{\"@type\":\"EntryPoint\",\"urlTemplate\":\"https:\\\/\\\/optogenerapy.eu\\\/de\\\/?s={search_term_string}\"},\"query-input\":{\"@type\":\"PropertyValueSpecification\",\"valueRequired\":true,\"valueName\":\"search_term_string\"}}],\"inLanguage\":\"de\"}]}<\/script>\n<!-- \/ Yoast SEO plugin. -->","yoast_head_json":{"title":"Leiden Sie an Multipler Sklerose? Nehmen Sie am Optogenerapy-Projekt teil!","description":"Wir suchen Patienten mit Multipler Sklerose, die uns Informationen \u00fcber ihre Lebensqualit\u00e4t und ihren Gesundheitszustand sowie die Gr\u00fcnde f\u00fcr die Wahl der Behandlung liefern.","robots":{"index":"index","follow":"follow","max-snippet":"max-snippet:-1","max-image-preview":"max-image-preview:large","max-video-preview":"max-video-preview:-1"},"canonical":"https:\/\/optogenerapy.eu\/de\/ms-patientenbefragung\/","og_locale":"de_DE","og_type":"article","og_title":"Leiden Sie an Multipler Sklerose? Nehmen Sie am Optogenerapy-Projekt teil!","og_description":"Wir suchen Patienten mit Multipler Sklerose, die uns Informationen \u00fcber ihre Lebensqualit\u00e4t und ihren Gesundheitszustand sowie die Gr\u00fcnde f\u00fcr die Wahl der Behandlung liefern.","og_url":"https:\/\/optogenerapy.eu\/de\/ms-patientenbefragung\/","og_site_name":"Optogenerapy","article_modified_time":"2019-05-30T15:59:45+00:00","og_image":[{"width":600,"height":504,"url":"https:\/\/optogenerapy.eu\/wp-content\/uploads\/2017\/04\/doctor.jpg","type":"image\/jpeg"}],"twitter_card":"summary_large_image","twitter_misc":{"Gesch\u00e4tzte Lesezeit":"6\u00a0Minuten"},"schema":{"@context":"https:\/\/schema.org","@graph":[{"@type":"WebPage","@id":"https:\/\/optogenerapy.eu\/de\/ms-patientenbefragung\/","url":"https:\/\/optogenerapy.eu\/de\/ms-patientenbefragung\/","name":"Leiden Sie an Multipler Sklerose? Nehmen Sie am Optogenerapy-Projekt teil!","isPartOf":{"@id":"https:\/\/optogenerapy.eu\/de\/#website"},"primaryImageOfPage":{"@id":"https:\/\/optogenerapy.eu\/de\/ms-patientenbefragung\/#primaryimage"},"image":{"@id":"https:\/\/optogenerapy.eu\/de\/ms-patientenbefragung\/#primaryimage"},"thumbnailUrl":"https:\/\/optogenerapy.eu\/wp-content\/uploads\/2017\/04\/doctor.jpg","datePublished":"2018-12-10T16:15:30+00:00","dateModified":"2019-05-30T15:59:45+00:00","description":"Wir suchen Patienten mit Multipler Sklerose, die uns Informationen \u00fcber ihre Lebensqualit\u00e4t und ihren Gesundheitszustand sowie die Gr\u00fcnde f\u00fcr die Wahl der Behandlung liefern.","breadcrumb":{"@id":"https:\/\/optogenerapy.eu\/de\/ms-patientenbefragung\/#breadcrumb"},"inLanguage":"de","potentialAction":[{"@type":"ReadAction","target":["https:\/\/optogenerapy.eu\/de\/ms-patientenbefragung\/"]}]},{"@type":"ImageObject","inLanguage":"de","@id":"https:\/\/optogenerapy.eu\/de\/ms-patientenbefragung\/#primaryimage","url":"https:\/\/optogenerapy.eu\/wp-content\/uploads\/2017\/04\/doctor.jpg","contentUrl":"https:\/\/optogenerapy.eu\/wp-content\/uploads\/2017\/04\/doctor.jpg","width":600,"height":504},{"@type":"BreadcrumbList","@id":"https:\/\/optogenerapy.eu\/de\/ms-patientenbefragung\/#breadcrumb","itemListElement":[{"@type":"ListItem","position":1,"name":"Inici","item":"https:\/\/optogenerapy.eu\/de\/"},{"@type":"ListItem","position":2,"name":"MS-Patientenbefragung"}]},{"@type":"WebSite","@id":"https:\/\/optogenerapy.eu\/de\/#website","url":"https:\/\/optogenerapy.eu\/de\/","name":"Optogenerapy","description":"Altre lloc gestionat amb el WordPress","potentialAction":[{"@type":"SearchAction","target":{"@type":"EntryPoint","urlTemplate":"https:\/\/optogenerapy.eu\/de\/?s={search_term_string}"},"query-input":{"@type":"PropertyValueSpecification","valueRequired":true,"valueName":"search_term_string"}}],"inLanguage":"de"}]}},"_links":{"self":[{"href":"https:\/\/optogenerapy.eu\/de\/wp-json\/wp\/v2\/pages\/12744","targetHints":{"allow":["GET"]}}],"collection":[{"href":"https:\/\/optogenerapy.eu\/de\/wp-json\/wp\/v2\/pages"}],"about":[{"href":"https:\/\/optogenerapy.eu\/de\/wp-json\/wp\/v2\/types\/page"}],"author":[{"embeddable":true,"href":"https:\/\/optogenerapy.eu\/de\/wp-json\/wp\/v2\/users\/6"}],"replies":[{"embeddable":true,"href":"https:\/\/optogenerapy.eu\/de\/wp-json\/wp\/v2\/comments?post=12744"}],"version-history":[{"count":0,"href":"https:\/\/optogenerapy.eu\/de\/wp-json\/wp\/v2\/pages\/12744\/revisions"}],"wp:featuredmedia":[{"embeddable":true,"href":"https:\/\/optogenerapy.eu\/de\/wp-json\/wp\/v2\/media\/12345"}],"wp:attachment":[{"href":"https:\/\/optogenerapy.eu\/de\/wp-json\/wp\/v2\/media?parent=12744"}],"curies":[{"name":"wp","href":"https:\/\/api.w.org\/{rel}","templated":true}]}}