{"id":13077,"date":"2018-12-10T17:15:30","date_gmt":"2018-12-10T16:15:30","guid":{"rendered":"https:\/\/optogenerapy.eu\/ms-patients-survey\/"},"modified":"2019-08-26T11:39:06","modified_gmt":"2019-08-26T10:39:06","slug":"encuesta-pacientes-em","status":"publish","type":"page","link":"https:\/\/optogenerapy.eu\/es\/encuesta-pacientes-em\/","title":{"rendered":"Encuesta pacientes con esclerosis m\u00faltiple"},"content":{"rendered":"<div class=\"wpb-content-wrapper\"><p>[vc_row][vc_column][vc_single_image image=\u00bb13081&#8243; img_size=\u00bb1900&#215;350&#8243;][\/vc_column][\/vc_row][vc_row css=\u00bb.vc_custom_1544454670638{background-color: #662483 !important;}\u00bb][vc_column width=\u00bb2\/3&#8243;][vc_column_text css=\u00bb.vc_custom_1566814625082{padding-top: 50px !important;padding-right: 50px !important;padding-bottom: 10px !important;padding-left: 50px !important;}\u00bb]<\/p>\n<h1><span style=\"color: #ffffff;\">\u00bfEres un paciente con Esclerosis M\u00faltiple?<\/span><\/h1>\n<h1><span style=\"color: #ffffff;\">\u00a1Participa en el proyecto Optogenerapy!<\/span><\/h1>\n<p>[\/vc_column_text][vc_column_text css=\u00bb.vc_custom_1566815917566{border-right-width: 20px !important;padding-top: 50px !important;padding-right: 200px !important;padding-bottom: 50px !important;padding-left: 50px !important;}\u00bb]<\/p>\n<h4><span style=\"color: #ffffff;\"><span lang=\"EN-GB\">Estamos buscando <b>pacientes con Esclerosis M\u00faltiple para que nos brinden informaci\u00f3n sobre su calidad de vida y estado de salud, y las razones detr\u00e1s de la elecci\u00f3n del tratamiento.<\/b> La encuesta servir\u00e1 al consorcio del proyecto Optogenerapy para obtener informaci\u00f3n y conocimiento sobre las necesidades de los pacientes y evaluar el impacto potencial de la terapia Optogenerapy en su calidad de vida.<\/span><\/span><\/h4>\n<p>&nbsp;<\/p>\n<h4><\/h4>\n<h4><span lang=\"EN-GB\" style=\"color: #ffffff;\">Si tiene Esclerosis M\u00faltiple, le invitamos a participar en nuestra encuesta. Consiste en una serie de preguntas organizadas en <b>tres partes<\/b>. En la primera parte hay algunas preguntas generales sobre la <b>demograf\u00eda del paciente<\/b>, la segunda parte est\u00e1 dirigida a medir su <b>estado de salud general<\/b> y la tercera parte incluye preguntas sobre su <b>calidad de vida<\/b>. Para completar y enviar la encuesta, los participantes deben completar todas las partes.<\/span><\/h4>\n<p>&nbsp;<\/p>\n<h4><\/h4>\n<h4><\/h4>\n<h4><span style=\"color: #ffffff;\"><u><b><a style=\"color: #ffffff;\" href=\"https:\/\/optogenerapy.eu\/wp-content\/uploads\/2019\/08\/EN_InformedConsent_ES.pdf\" target=\"_blank\" rel=\"noopener noreferrer\">Lea el consentimiento informado aqu\u00ed<\/a><\/b><\/u>, se le pedir\u00e1 aceptarlo antes de empezarla.<\/span><\/h4>\n<p>&nbsp;<\/p>\n<p>&nbsp;<\/p>\n<p><a href=\"https:\/\/erasmusuniversity.eu.qualtrics.com\/jfe\/form\/SV_0NkocIPzpaqZulf\" target=\"_blank\" style=\"color: #ffffff;font-size: 16px\" class=\"qodef-btn qodef-btn-huge qodef-btn-outline\"  >\n        <span class=\"qodef-btn-text\">PULSE AQU\u00cd PARA INICIAL LA ENCUESTA<\/span>\n    <span class=\"qodef-btn-text-icon\"><i class=\"qodef-icon-font-awesome fa  \" ><\/i><\/span>\n<\/a>[\/vc_column_text][\/vc_column][vc_column width=\u00bb1\/3&#8243;][\/vc_column][\/vc_row][vc_row css=\u00bb.vc_custom_1554305188789{background-color: #ffffff !important;}\u00bb][vc_column][vc_column_text css=\u00bb.vc_custom_1566814767990{border-top-width: 20px !important;border-right-width: 20px !important;border-bottom-width: 0px !important;border-left-width: 20px !important;padding-top: 50px !important;padding-right: 50px !important;padding-bottom: 0px !important;padding-left: 50px !important;}\u00bb]<\/p>\n<h2>Sobre el estudio<\/h2>\n<p>[\/vc_column_text][vc_column_text css=\u00bb.vc_custom_1566815033559{padding-top: 50px !important;padding-right: 200px !important;padding-bottom: 50px !important;padding-left: 50px !important;}\u00bb]<\/p>\n<h4>El estudio est\u00e1 siendo realizado por la Erasmus School of Health Policy &amp; Management\u00a0(ESHPM)\u00a0de la Universidad Erasmus Rotterdam, de los Pa\u00edses Bajos.<\/h4>\n<p>&nbsp;<\/p>\n<h4 class=\"BodyB\"><strong>Riesgos potenciales e inconvenientes: \u00a0<\/strong>No hay riesgos f\u00edsicos, legales o econ\u00f3micos asociados con su participaci\u00f3n en este estudio. No tiene que responder a preguntas que no desea responder. Su participaci\u00f3n es voluntaria y puede detener su participaci\u00f3n en cualquier momento.<\/h4>\n<p>&nbsp;<\/p>\n<h4 class=\"BodyB\"><strong>Reembolso:<\/strong>\u00a0No se le compensar\u00e1 por participar en este estudio.<\/h4>\n<p>&nbsp;<\/p>\n<h4><strong>Participaci\u00f3n voluntaria:\u00a0<\/strong>La participaci\u00f3n en este estudio es completamente voluntaria y an\u00f3nima, ya que no podremos vincular los resultados a los encuestados. Como participante, puede detener su participaci\u00f3n en el estudio en cualquier momento, o denegar el uso de sus datos para el estudio, sin dar razones. La interrupci\u00f3n de la participaci\u00f3n no tiene consecuencias adversas para usted.<\/h4>\n<h4><\/h4>\n<p>&nbsp;<\/p>\n<h4>Sin embargo, tenga en cuenta que una vez que env\u00ede la encuesta, es posible que no pueda cambiar y \/ o solicitar la eliminaci\u00f3n de sus resultados. Los datos recopilados sobre usted solo ser\u00e1n utilizados por investigadores de la Universidad Erasmus Rotterdam. Nunca transmitiremos sus datos personales a terceros ni le enviaremos correo no deseado.<\/h4>\n<p>&nbsp;<\/p>\n<h4><\/h4>\n<h4>Si, durante el estudio, decide finalizar su cooperaci\u00f3n, la informaci\u00f3n que ya ha proporcionado se utilizar\u00e1 hasta el momento en que se retire el consentimiento.<\/h4>\n<p>[\/vc_column_text][\/vc_column][\/vc_row][vc_row css=\u00bb.vc_custom_1544451357661{background-color: #f2f2f2 !important;}\u00bb][vc_column][vc_column_text css=\u00bb.vc_custom_1566815050503{border-top-width: 20px !important;border-right-width: 20px !important;border-bottom-width: 0px !important;border-left-width: 20px !important;padding-top: 50px !important;padding-right: 50px !important;padding-bottom: 0px !important;padding-left: 50px !important;}\u00bb]<\/p>\n<h2>\u00bfQu\u00e9 es el proyecto Optogenerapy?<\/h2>\n<p>[\/vc_column_text][vc_column_text css=\u00bb.vc_custom_1566815155700{padding-top: 50px !important;padding-right: 200px !important;padding-bottom: 50px !important;padding-left: 50px !important;}\u00bb]<\/p>\n<h4>Optogenerapy es un <strong>proyecto de investigaci\u00f3n europeo <\/strong>financiado por el programa Horizon 2020 de la Uni\u00f3n Europea en el marco de la convocatoria ICT-21-2016 \u201cSupport technology transfer to the creative industries\u201d con n\u00famero de subvenci\u00f3n 720694.<\/h4>\n<p>&nbsp;<\/p>\n<h4>El proyecto Optogenerapy tiene el <strong>objetivo de desarrollar y validar un dispositivo biom\u00e9dico implantado de forma subcut\u00e1nea como un nuevo tratamiento para la esclerosis m\u00faltiple<\/strong>. El tratamiento propuesto por Optogenerapy, que a\u00fan se encuentra en una fase de investigaci\u00f3n temprana y no est\u00e1 disponible en el mercado, tiene como objetivo evitar los efectos secundarios que los tratamientos actuales basados en inyecciones diarias y semanales producen y quiere mejorar la calidad de vida del paciente y lograr una mejor adherencia del mismo al tratamiento.<\/h4>\n<p>&nbsp;<\/p>\n<h4>El dispositivo m\u00e9dico de Optogenerapy libera el ingrediente activo del medicamento por medio de una luz LED infrarroja, que activa la producci\u00f3n de prote\u00ednas terap\u00e9uticas por las c\u00e9lulas modificadas gen\u00e9ticamente presentes en el dispositivo.<\/h4>\n<p>&nbsp;<\/p>\n<h4 class=\"BodyB\"><span lang=\"EN-GB\">Para evaluar la rentabilidad del implante Optogenerapy en diferentes pa\u00edses europeos, es importante recopilar informaci\u00f3n sobre el efecto del tratamiento actual sobre la calidad de vida y el estado de salud de los pacientes con esclerosis m\u00faltiple. Los datos de la investigaci\u00f3n se utilizar\u00e1n en informes y publicaciones cient\u00edficas.<\/span><\/h4>\n<p>&nbsp;<\/p>\n<h4>Si quiere saber m\u00e1s sobre el proyecto Optogenerapy y su impacto esperado puede visitar la p\u00e1gina de <a href=\"https:\/\/optogenerapy.eu\/about-optogenerapy\/\" target=\"_blank\" rel=\"noopener noreferrer\"><span style=\"color: #800080;\">About Us<\/span>\u00a0<\/a>.<\/h4>\n<p>[\/vc_column_text][\/vc_column][\/vc_row][vc_row css=\u00bb.vc_custom_1544459247471{border-bottom-width: 20px !important;padding-top: 50px !important;padding-right: 50px !important;padding-bottom: 50px !important;padding-left: 50px !important;background-color: #ffffff !important;}\u00bb][vc_column width=\u00bb1\/2&#8243;][vc_column_text css=\u00bb.vc_custom_1566815934372{padding-bottom: 20px !important;}\u00bb]<\/p>\n<h2>\u00a1Conteste la encuesta!<\/h2>\n<p>[\/vc_column_text][vc_column_text css=\u00bb.vc_custom_1566815928154{padding-bottom: 20px !important;}\u00bb]<\/p>\n<h4>Ay\u00fadenos a desarrollar un mejor tratamiento para la esclerosis m\u00faltiple haci\u00e9ndonos saber sus preferencias de tratamiento y su conocimiento de la enfermedad.<\/h4>\n<p>&nbsp;<\/p>\n<h4>Sus datos se utilizar\u00e1n de forma agregada para fines internos y nunca se transferir\u00e1n a terceros ni se publicar\u00e1n p\u00fablicamente fuera del proyecto.<\/h4>\n<p>[\/vc_column_text][vc_column_text]<a href=\"https:\/\/erasmusuniversity.eu.qualtrics.com\/jfe\/form\/SV_0NkocIPzpaqZulf\" target=\"_blank\" style=\"background-color: #662483;font-size: 16px\" class=\"qodef-btn qodef-btn-huge qodef-btn-solid\"  >\n        <span class=\"qodef-btn-text\">ACCESO A LA ENCUESTA<\/span>\n    <span class=\"qodef-btn-text-icon\"><i class=\"qodef-icon-font-awesome fa  \" ><\/i><\/span>\n<\/a>[\/vc_column_text][\/vc_column][vc_column width=\u00bb1\/2&#8243;][vc_column_text css=\u00bb.vc_custom_1566815292223{padding-bottom: 20px !important;}\u00bb]<\/p>\n<h2>Cont\u00e1ctenos<\/h2>\n<p>[\/vc_column_text][vc_column_text css=\u00bb.vc_custom_1566815301648{padding-bottom: 20px !important;}\u00bb]<\/p>\n<h4>Si tiene alguna pregunta sobre la encuesta, desea saber m\u00e1s sobre el proyecto o est\u00e1 interesado en ser informado de sus resultados, no dude en contactarnos a trav\u00e9s del siguiente formulario:<\/h4>\n<p>[\/vc_column_text]\n<div class=\"wpcf7 no-js\" id=\"wpcf7-f13087-o1\" lang=\"en-US\" dir=\"ltr\" data-wpcf7-id=\"13087\">\n<div class=\"screen-reader-response\"><p role=\"status\" aria-live=\"polite\" aria-atomic=\"true\"><\/p> <ul><\/ul><\/div>\n<form action=\"\/es\/wp-json\/wp\/v2\/pages\/13077#wpcf7-f13087-o1\" method=\"post\" class=\"wpcf7-form init\" aria-label=\"Contact form\" novalidate=\"novalidate\" data-status=\"init\">\n<fieldset class=\"hidden-fields-container\"><input type=\"hidden\" name=\"_wpcf7\" value=\"13087\" \/><input type=\"hidden\" name=\"_wpcf7_version\" value=\"6.1.5\" \/><input type=\"hidden\" name=\"_wpcf7_locale\" value=\"en_US\" \/><input type=\"hidden\" name=\"_wpcf7_unit_tag\" value=\"wpcf7-f13087-o1\" \/><input type=\"hidden\" name=\"_wpcf7_container_post\" value=\"0\" \/><input type=\"hidden\" name=\"_wpcf7_posted_data_hash\" value=\"\" \/><input type=\"hidden\" name=\"_wpcf7_recaptcha_response\" value=\"\" \/>\n<\/fieldset>\n<p><label> Nombre (obligatorio)<br \/>\n<span class=\"wpcf7-form-control-wrap\" data-name=\"your-name\"><input size=\"40\" maxlength=\"400\" class=\"wpcf7-form-control wpcf7-text wpcf7-validates-as-required\" aria-required=\"true\" aria-invalid=\"false\" value=\"\" type=\"text\" name=\"your-name\" \/><\/span> <\/label>\n<\/p>\n<p><label> Email (obligatorio)<br \/>\n<span class=\"wpcf7-form-control-wrap\" data-name=\"your-email\"><input size=\"40\" maxlength=\"400\" class=\"wpcf7-form-control wpcf7-email wpcf7-validates-as-required wpcf7-text wpcf7-validates-as-email\" aria-required=\"true\" aria-invalid=\"false\" value=\"\" type=\"email\" name=\"your-email\" \/><\/span> <\/label>\n<\/p>\n<p><label> Asunto<br \/>\n<span class=\"wpcf7-form-control-wrap\" data-name=\"your-subject\"><input size=\"40\" maxlength=\"400\" class=\"wpcf7-form-control wpcf7-text\" aria-invalid=\"false\" value=\"\" type=\"text\" name=\"your-subject\" \/><\/span> <\/label>\n<\/p>\n<p><label> Mensaje<br \/>\n<span class=\"wpcf7-form-control-wrap\" data-name=\"your-message\"><textarea cols=\"40\" rows=\"10\" maxlength=\"2000\" class=\"wpcf7-form-control wpcf7-textarea\" aria-invalid=\"false\" name=\"your-message\"><\/textarea><\/span> <\/label>\n<\/p>\n<p><span class=\"wpcf7-form-control-wrap\" data-name=\"acceptance-404\"><span class=\"wpcf7-form-control wpcf7-acceptance optional\"><span class=\"wpcf7-list-item\"><label><input type=\"checkbox\" name=\"acceptance-404\" value=\"1\" aria-invalid=\"false\" \/><span class=\"wpcf7-list-item-label\">Acepto la <a href=\"https:\/\/optogenerapy.eu\/policy-privacy\/\">pol\u00edtica de privacidad<\/a> y el <a href=\"https:\/\/optogenerapy.eu\/legal-warning\/\">aviso legal<\/a> del proyecto Optogenerapy (obligatorio)<\/span><\/label><\/span><\/span><\/span>\n<\/p>\n<p><input class=\"wpcf7-form-control wpcf7-submit has-spinner\" type=\"submit\" value=\"Env\u00eda\" \/>\n<\/p><div class=\"wpcf7-response-output\" aria-hidden=\"true\"><\/div>\n<\/form>\n<\/div>\n[\/vc_column][\/vc_row]<\/p>\n<\/div>","protected":false},"excerpt":{"rendered":"<p>[vc_row][vc_column][vc_single_image image=\u00bb13081&#8243; img_size=\u00bb1900&#215;350&#8243;][\/vc_column][\/vc_row][vc_row css=\u00bb.vc_custom_1544454670638{background-color: #662483 !important;}\u00bb][vc_column width=\u00bb2\/3&#8243;][vc_column_text css=\u00bb.vc_custom_1566814625082{padding-top: 50px !important;padding-right: 50px !important;padding-bottom: 10px !important;padding-left: 50px !important;}\u00bb] \u00bfEres un paciente con Esclerosis&#8230;<\/p>\n","protected":false},"author":6,"featured_media":13079,"parent":0,"menu_order":0,"comment_status":"closed","ping_status":"closed","template":"full-width.php","meta":{"footnotes":""},"class_list":["post-13077","page","type-page","status-publish","has-post-thumbnail","hentry"],"yoast_head":"<!-- This site is optimized with the Yoast SEO plugin v27.4 - https:\/\/yoast.com\/product\/yoast-seo-wordpress\/ -->\n<title>Are you a Multiple Sclerosis patient? Participate in Optogenerapy project!<\/title>\n<meta name=\"description\" content=\"We are looking for Multiple Sclerosis patients to provide us with information on their quality of life and health status, and the reasons behind electing the treatment.\" \/>\n<meta name=\"robots\" content=\"index, follow, max-snippet:-1, max-image-preview:large, max-video-preview:-1\" \/>\n<link rel=\"canonical\" href=\"https:\/\/optogenerapy.eu\/es\/encuesta-pacientes-em\/\" \/>\n<meta property=\"og:locale\" content=\"es_ES\" \/>\n<meta property=\"og:type\" content=\"article\" \/>\n<meta property=\"og:title\" content=\"Are you a Multiple Sclerosis patient? Participate in Optogenerapy project!\" \/>\n<meta property=\"og:description\" content=\"We are looking for Multiple Sclerosis patients to provide us with information on their quality of life and health status, and the reasons behind electing the treatment.\" \/>\n<meta property=\"og:url\" content=\"https:\/\/optogenerapy.eu\/es\/encuesta-pacientes-em\/\" \/>\n<meta property=\"og:site_name\" content=\"Optogenerapy\" \/>\n<meta property=\"article:modified_time\" content=\"2019-08-26T10:39:06+00:00\" \/>\n<meta property=\"og:image\" content=\"https:\/\/optogenerapy.eu\/wp-content\/uploads\/2017\/04\/doctor.jpg\" \/>\n\t<meta property=\"og:image:width\" content=\"600\" \/>\n\t<meta property=\"og:image:height\" content=\"504\" \/>\n\t<meta property=\"og:image:type\" content=\"image\/jpeg\" \/>\n<meta name=\"twitter:card\" content=\"summary_large_image\" \/>\n<meta name=\"twitter:label1\" content=\"Tiempo de lectura\" \/>\n\t<meta name=\"twitter:data1\" content=\"6 minutos\" \/>\n<script type=\"application\/ld+json\" class=\"yoast-schema-graph\">{\"@context\":\"https:\\\/\\\/schema.org\",\"@graph\":[{\"@type\":\"WebPage\",\"@id\":\"https:\\\/\\\/optogenerapy.eu\\\/es\\\/encuesta-pacientes-em\\\/\",\"url\":\"https:\\\/\\\/optogenerapy.eu\\\/es\\\/encuesta-pacientes-em\\\/\",\"name\":\"Are you a Multiple Sclerosis patient? Participate in Optogenerapy project!\",\"isPartOf\":{\"@id\":\"https:\\\/\\\/optogenerapy.eu\\\/es\\\/#website\"},\"primaryImageOfPage\":{\"@id\":\"https:\\\/\\\/optogenerapy.eu\\\/es\\\/encuesta-pacientes-em\\\/#primaryimage\"},\"image\":{\"@id\":\"https:\\\/\\\/optogenerapy.eu\\\/es\\\/encuesta-pacientes-em\\\/#primaryimage\"},\"thumbnailUrl\":\"https:\\\/\\\/optogenerapy.eu\\\/wp-content\\\/uploads\\\/2017\\\/04\\\/doctor.jpg\",\"datePublished\":\"2018-12-10T16:15:30+00:00\",\"dateModified\":\"2019-08-26T10:39:06+00:00\",\"description\":\"We are looking for Multiple Sclerosis patients to provide us with information on their quality of life and health status, and the reasons behind electing the treatment.\",\"breadcrumb\":{\"@id\":\"https:\\\/\\\/optogenerapy.eu\\\/es\\\/encuesta-pacientes-em\\\/#breadcrumb\"},\"inLanguage\":\"es\",\"potentialAction\":[{\"@type\":\"ReadAction\",\"target\":[\"https:\\\/\\\/optogenerapy.eu\\\/es\\\/encuesta-pacientes-em\\\/\"]}]},{\"@type\":\"ImageObject\",\"inLanguage\":\"es\",\"@id\":\"https:\\\/\\\/optogenerapy.eu\\\/es\\\/encuesta-pacientes-em\\\/#primaryimage\",\"url\":\"https:\\\/\\\/optogenerapy.eu\\\/wp-content\\\/uploads\\\/2017\\\/04\\\/doctor.jpg\",\"contentUrl\":\"https:\\\/\\\/optogenerapy.eu\\\/wp-content\\\/uploads\\\/2017\\\/04\\\/doctor.jpg\",\"width\":600,\"height\":504},{\"@type\":\"BreadcrumbList\",\"@id\":\"https:\\\/\\\/optogenerapy.eu\\\/es\\\/encuesta-pacientes-em\\\/#breadcrumb\",\"itemListElement\":[{\"@type\":\"ListItem\",\"position\":1,\"name\":\"Inici\",\"item\":\"https:\\\/\\\/optogenerapy.eu\\\/es\\\/\"},{\"@type\":\"ListItem\",\"position\":2,\"name\":\"Encuesta pacientes con esclerosis m\u00faltiple\"}]},{\"@type\":\"WebSite\",\"@id\":\"https:\\\/\\\/optogenerapy.eu\\\/es\\\/#website\",\"url\":\"https:\\\/\\\/optogenerapy.eu\\\/es\\\/\",\"name\":\"Optogenerapy\",\"description\":\"Altre lloc gestionat amb el WordPress\",\"potentialAction\":[{\"@type\":\"SearchAction\",\"target\":{\"@type\":\"EntryPoint\",\"urlTemplate\":\"https:\\\/\\\/optogenerapy.eu\\\/es\\\/?s={search_term_string}\"},\"query-input\":{\"@type\":\"PropertyValueSpecification\",\"valueRequired\":true,\"valueName\":\"search_term_string\"}}],\"inLanguage\":\"es\"}]}<\/script>\n<!-- \/ Yoast SEO plugin. -->","yoast_head_json":{"title":"Are you a Multiple Sclerosis patient? Participate in Optogenerapy project!","description":"We are looking for Multiple Sclerosis patients to provide us with information on their quality of life and health status, and the reasons behind electing the treatment.","robots":{"index":"index","follow":"follow","max-snippet":"max-snippet:-1","max-image-preview":"max-image-preview:large","max-video-preview":"max-video-preview:-1"},"canonical":"https:\/\/optogenerapy.eu\/es\/encuesta-pacientes-em\/","og_locale":"es_ES","og_type":"article","og_title":"Are you a Multiple Sclerosis patient? Participate in Optogenerapy project!","og_description":"We are looking for Multiple Sclerosis patients to provide us with information on their quality of life and health status, and the reasons behind electing the treatment.","og_url":"https:\/\/optogenerapy.eu\/es\/encuesta-pacientes-em\/","og_site_name":"Optogenerapy","article_modified_time":"2019-08-26T10:39:06+00:00","og_image":[{"width":600,"height":504,"url":"https:\/\/optogenerapy.eu\/wp-content\/uploads\/2017\/04\/doctor.jpg","type":"image\/jpeg"}],"twitter_card":"summary_large_image","twitter_misc":{"Tiempo de lectura":"6 minutos"},"schema":{"@context":"https:\/\/schema.org","@graph":[{"@type":"WebPage","@id":"https:\/\/optogenerapy.eu\/es\/encuesta-pacientes-em\/","url":"https:\/\/optogenerapy.eu\/es\/encuesta-pacientes-em\/","name":"Are you a Multiple Sclerosis patient? Participate in Optogenerapy project!","isPartOf":{"@id":"https:\/\/optogenerapy.eu\/es\/#website"},"primaryImageOfPage":{"@id":"https:\/\/optogenerapy.eu\/es\/encuesta-pacientes-em\/#primaryimage"},"image":{"@id":"https:\/\/optogenerapy.eu\/es\/encuesta-pacientes-em\/#primaryimage"},"thumbnailUrl":"https:\/\/optogenerapy.eu\/wp-content\/uploads\/2017\/04\/doctor.jpg","datePublished":"2018-12-10T16:15:30+00:00","dateModified":"2019-08-26T10:39:06+00:00","description":"We are looking for Multiple Sclerosis patients to provide us with information on their quality of life and health status, and the reasons behind electing the treatment.","breadcrumb":{"@id":"https:\/\/optogenerapy.eu\/es\/encuesta-pacientes-em\/#breadcrumb"},"inLanguage":"es","potentialAction":[{"@type":"ReadAction","target":["https:\/\/optogenerapy.eu\/es\/encuesta-pacientes-em\/"]}]},{"@type":"ImageObject","inLanguage":"es","@id":"https:\/\/optogenerapy.eu\/es\/encuesta-pacientes-em\/#primaryimage","url":"https:\/\/optogenerapy.eu\/wp-content\/uploads\/2017\/04\/doctor.jpg","contentUrl":"https:\/\/optogenerapy.eu\/wp-content\/uploads\/2017\/04\/doctor.jpg","width":600,"height":504},{"@type":"BreadcrumbList","@id":"https:\/\/optogenerapy.eu\/es\/encuesta-pacientes-em\/#breadcrumb","itemListElement":[{"@type":"ListItem","position":1,"name":"Inici","item":"https:\/\/optogenerapy.eu\/es\/"},{"@type":"ListItem","position":2,"name":"Encuesta pacientes con esclerosis m\u00faltiple"}]},{"@type":"WebSite","@id":"https:\/\/optogenerapy.eu\/es\/#website","url":"https:\/\/optogenerapy.eu\/es\/","name":"Optogenerapy","description":"Altre lloc gestionat amb el WordPress","potentialAction":[{"@type":"SearchAction","target":{"@type":"EntryPoint","urlTemplate":"https:\/\/optogenerapy.eu\/es\/?s={search_term_string}"},"query-input":{"@type":"PropertyValueSpecification","valueRequired":true,"valueName":"search_term_string"}}],"inLanguage":"es"}]}},"_links":{"self":[{"href":"https:\/\/optogenerapy.eu\/es\/wp-json\/wp\/v2\/pages\/13077","targetHints":{"allow":["GET"]}}],"collection":[{"href":"https:\/\/optogenerapy.eu\/es\/wp-json\/wp\/v2\/pages"}],"about":[{"href":"https:\/\/optogenerapy.eu\/es\/wp-json\/wp\/v2\/types\/page"}],"author":[{"embeddable":true,"href":"https:\/\/optogenerapy.eu\/es\/wp-json\/wp\/v2\/users\/6"}],"replies":[{"embeddable":true,"href":"https:\/\/optogenerapy.eu\/es\/wp-json\/wp\/v2\/comments?post=13077"}],"version-history":[{"count":0,"href":"https:\/\/optogenerapy.eu\/es\/wp-json\/wp\/v2\/pages\/13077\/revisions"}],"wp:featuredmedia":[{"embeddable":true,"href":"https:\/\/optogenerapy.eu\/es\/wp-json\/wp\/v2\/media\/13079"}],"wp:attachment":[{"href":"https:\/\/optogenerapy.eu\/es\/wp-json\/wp\/v2\/media?parent=13077"}],"curies":[{"name":"wp","href":"https:\/\/api.w.org\/{rel}","templated":true}]}}