{"id":12754,"date":"2018-12-10T17:15:30","date_gmt":"2018-12-10T16:15:30","guid":{"rendered":"https:\/\/optogenerapy.eu\/enquete-sur-les-patients-atteints-de-sclerose-en-plaques\/"},"modified":"2019-05-28T17:49:10","modified_gmt":"2019-05-28T16:49:10","slug":"enquete-patients-sclerose-plaques","status":"publish","type":"page","link":"https:\/\/optogenerapy.eu\/fr\/enquete-patients-sclerose-plaques\/","title":{"rendered":"Enqu\u00eate sur les patients atteints de scl\u00e9rose en plaques"},"content":{"rendered":"<div class=\"wpb-content-wrapper\"><p>[vc_row][vc_column][vc_single_image image=\u00a0\u00bb12628&Prime; img_size=\u00a0\u00bb1900&#215;350&Prime;][\/vc_column][\/vc_row][vc_row css=\u00a0\u00bb.vc_custom_1544454670638{background-color: #662483 !important;}\u00a0\u00bb][vc_column width=\u00a0\u00bb2\/3&Prime;][vc_column_text css=\u00a0\u00bb.vc_custom_1549539971685{padding-top: 50px !important;padding-right: 50px !important;padding-bottom: 10px !important;padding-left: 50px !important;}\u00a0\u00bb]<\/p>\n<h1><span style=\"color: #ffffff;\">Vous souffrez de scl\u00e9rose en plaques?<\/span><\/h1>\n<h1><span style=\"color: #ffffff;\">Participez au projet Optogenerapy!<\/span><\/h1>\n<p>[\/vc_column_text][vc_column_text css=\u00a0\u00bb.vc_custom_1559062147357{border-right-width: 20px !important;padding-top: 50px !important;padding-right: 200px !important;padding-bottom: 50px !important;padding-left: 50px !important;}\u00a0\u00bb]<\/p>\n<h4><span style=\"color: #ffffff;\"><span lang=\"EN-GB\">Nous cherchons des <strong>patients souffrant de scl\u00e9rose en plaques susceptibles de nous fournir des informations sur leur qualit\u00e9 de vie et leur \u00e9tat de sant\u00e9<\/strong>, ainsi que sur les <strong>motifs de leurs choix de traitement<\/strong>. Il s&rsquo;agit d&rsquo;une enqu\u00eate qui permettra au consortium du projet Optogenerapy de recueillir des donn\u00e9es et de renforcer ses connaissances sur les besoins des patients, ainsi que d&rsquo;\u00e9valuer l&rsquo;impact potentiel de la th\u00e9rapie Optogenerapy sur leur qualit\u00e9 de vie.<\/span><span lang=\"EN-GB\">.<\/span><\/span><\/h4>\n<p>&nbsp;<\/p>\n<h4><\/h4>\n<h4><span lang=\"EN-GB\" style=\"color: #ffffff;\">Si vous souffrez de SEP, nous vous invitons \u00e0 participer \u00e0 notre enqu\u00eate, qui comporte plusieurs questions se d\u00e9clinant en <strong>trois parties<\/strong>: la premi\u00e8re porte sur les <b>donn\u00e9es d\u00e9mographiques du patient<\/b>, la seconde est destin\u00e9e \u00e0 \u00e9valuer son <b>\u00e9tat de sant\u00e9<\/b> g\u00e9n\u00e9ral et la troisi\u00e8me s&rsquo;int\u00e9resse \u00e0 sa <b>qualit\u00e9 de vie<\/b>.<\/span><\/h4>\n<h4><span lang=\"EN-GB\" style=\"color: #ffffff;\">Les personnes souhaitant participer \u00e0 l&rsquo;enqu\u00eate et nous la faire parvenir doivent r\u00e9pondre \u00e0 toutes les parties.<\/span><\/h4>\n<p>&nbsp;<\/p>\n<h4><\/h4>\n<h4><\/h4>\n<h4><span style=\"color: #ffffff;\"><u><b><a style=\"color: #ffffff;\" href=\"https:\/\/optogenerapy.eu\/wp-content\/uploads\/2019\/05\/EN_InformedConsent_fr-1.pdf\" target=\"_blank\" rel=\"noopener noreferrer\">Merci de bien vouloir lire le consentement \u00e9clair\u00e9 avant de d\u00e9marrer l&rsquo;enqu\u00eate<\/a><\/b><\/u>, car il vous sera demand\u00e9 de l&rsquo;accepter.<\/span><\/h4>\n<p>&nbsp;<\/p>\n<p>&nbsp;<\/p>\n<p><a href=\"https:\/\/erasmusuniversity.eu.qualtrics.com\/jfe\/form\/SV_9MsVlQW2K278JDL\" target=\"_blank\" style=\"color: #ffffff;font-size: 16px\" class=\"qodef-btn qodef-btn-huge qodef-btn-outline\"  >\n        <span class=\"qodef-btn-text\">CLIQUEZ ICI POUR D\u00c9MARRER L&#039;ENQU\u00caTE<\/span>\n    <span class=\"qodef-btn-text-icon\"><i class=\"qodef-icon-font-awesome fa  \" ><\/i><\/span>\n<\/a>[\/vc_column_text][\/vc_column][vc_column width=\u00a0\u00bb1\/3&Prime;][\/vc_column][\/vc_row][vc_row css=\u00a0\u00bb.vc_custom_1554305188789{background-color: #ffffff !important;}\u00a0\u00bb][vc_column][vc_column_text css=\u00a0\u00bb.vc_custom_1554305198855{border-top-width: 20px !important;border-right-width: 20px !important;border-bottom-width: 0px !important;border-left-width: 20px !important;padding-top: 50px !important;padding-right: 50px !important;padding-bottom: 0px !important;padding-left: 50px !important;}\u00a0\u00bb]<\/p>\n<h2>\u00c0 propos de l&rsquo;\u00e9tude<\/h2>\n<p>[\/vc_column_text][vc_column_text css=\u00a0\u00bb.vc_custom_1556807158891{padding-top: 50px !important;padding-right: 200px !important;padding-bottom: 50px !important;padding-left: 50px !important;}\u00a0\u00bb]<\/p>\n<h4><span lang=\"EN-GB\">Il s&rsquo;agit d&rsquo;une initiative men\u00e9e par l&rsquo;\u00c9cole sup\u00e9rieure Erasmus de politique et gestion sanitaire (Erasmus School of Health Policy &amp; Management, ESHPM), rattach\u00e9e \u00e0 l&rsquo;universit\u00e9 Erasmus de Rotterdam (EUR), aux Pays-Bas.<\/span><\/h4>\n<p>&nbsp;<\/p>\n<h4 class=\"BodyB\"><b><span lang=\"EN-GB\">Risques potentiels et effets secondaires:\u00a0<\/span><\/b><span lang=\"EN-GB\">votre participation \u00e0 l&rsquo;\u00e9tude ne vous expose \u00e0 aucun risque d&rsquo;ordre physique, juridique ou \u00e9conomique. Vous n&rsquo;\u00eates pas oblig\u00e9(e) de r\u00e9pondre \u00e0 des questions auxquelles vous n&rsquo;avez pas envie. Votre participation est volontaire, et vous pouvez l&rsquo;interrompre \u00e0 tout moment.<\/span><\/h4>\n<p>&nbsp;<\/p>\n<h4 class=\"BodyB\"><b><span lang=\"EN-GB\">Compensation:\u00a0<\/span><\/b><span lang=\"EN-GB\">vous ne recevrez aucune compensation pour votre participation \u00e0 cette \u00e9tude.<\/span><\/h4>\n<p>&nbsp;<\/p>\n<h4 class=\"BodyB\"><b><span lang=\"EN-GB\">Participation volontaire:\u00a0<\/span><\/b><span lang=\"EN-GB\">la participation \u00e0 cette \u00e9tude est totalement volontaire, et anonyme, dans le sens o\u00f9 nous ne serons pas capables d&rsquo;associer les r\u00e9sultats \u00e0 un participant donn\u00e9. Vous aurez le choix d&rsquo;interrompre votre participation \u00e0 tout moment, ou de refuser l&rsquo;utilisation de vos donn\u00e9es dans le cadre de l&rsquo;\u00e9tude, sans aucune justification. Le fait d&rsquo;interrompre votre participation n&rsquo;aura aucune cons\u00e9quence n\u00e9gative pour vous ou vis-\u00e0-vis de toute compensation que vous auriez pu recevoir.<\/span><\/h4>\n<p>&nbsp;<\/p>\n<h4>Sachez cependant qu&rsquo;une fois que vous aurez renvoy\u00e9 le questionnaire, vous ne pourrez peut-\u00eatre plus changer vos r\u00e9ponses ou demander l&rsquo;effacement de vos r\u00e9sultats. Les donn\u00e9es collect\u00e9es vous concernant ne seront utilis\u00e9es que par des chercheurs de l&rsquo;universit\u00e9 Erasmus travaillant dans le m\u00eame domaine de recherche. Nous ne communiquerons jamais vos donn\u00e9es personnelles \u00e0 des tiers, pas plus que nous ne vous enverrons de courrier ind\u00e9sirable.<\/h4>\n<p>&nbsp;<\/p>\n<h4 class=\"BodyB\"><span lang=\"EN-GB\">Pendant l&rsquo;\u00e9tude, si vous d\u00e9cidez de mettre un terme \u00e0 votre coop\u00e9ration, les informations que vous avez d\u00e9j\u00e0 fournies seront utilis\u00e9es jusqu&rsquo;\u00e0 r\u00e9vocation de votre consentement.<\/span><\/h4>\n<p>[\/vc_column_text][\/vc_column][\/vc_row][vc_row css=\u00a0\u00bb.vc_custom_1544451357661{background-color: #f2f2f2 !important;}\u00a0\u00bb][vc_column][vc_column_text css=\u00a0\u00bb.vc_custom_1544455313435{border-top-width: 20px !important;border-right-width: 20px !important;border-bottom-width: 0px !important;border-left-width: 20px !important;padding-top: 50px !important;padding-right: 50px !important;padding-bottom: 0px !important;padding-left: 50px !important;}\u00a0\u00bb]<\/p>\n<h2>Qu&rsquo;est-ce que le projet Optogenerapy?<\/h2>\n<p>[\/vc_column_text][vc_column_text css=\u00a0\u00bb.vc_custom_1558092045282{padding-top: 50px !important;padding-right: 200px !important;padding-bottom: 50px !important;padding-left: 50px !important;}\u00a0\u00bb]<\/p>\n<h4>Optogenerapy est un <strong>projet de recherche europ\u00e9en<\/strong> financ\u00e9 par le programme de l&rsquo;Union europ\u00e9enne Horizon 2020 dans le cadre de l&rsquo;appel \u00e0 propositions ICT-21-2016 \u00ab Support technology transfer to the creative industries \u00bb (Soutenir le transfert de technologie chez les industries cr\u00e9atives) en vertu de l&rsquo;accord de subvention num\u00e9ro 720694.<\/h4>\n<p>&nbsp;<\/p>\n<h4>L&rsquo;objectif du projet Optogenerapy est de <strong>d\u00e9velopper et montrer le fonctionnement d&rsquo;un dispositif biom\u00e9dical \u00e0 implantation sous-cutan\u00e9e servant de nouveau traitement contre la scl\u00e9rose en plaques.<\/strong>.\u00a0Le traitement Optogenerapy, qui en est toujours \u00e0 un stade de recherche pr\u00e9coce et n&rsquo;est pas encore disponible sur le march\u00e9, a pour vocation d&rsquo;\u00e9viter les effets secondaires provoqu\u00e9s par les traitements actuels, consistant en des injections quotidiennes et hebdomadaires, en vue d&rsquo;am\u00e9liorer la qualit\u00e9 de vie des patients et leur adh\u00e9sion au traitement.<\/h4>\n<p>&nbsp;<\/p>\n<h4>Le dispositif m\u00e9dical lib\u00e8re le produit actif du m\u00e9dicament \u00e0 travers une lumi\u00e8re LED infrarouge, qui active la production de prot\u00e9ines th\u00e9rapeutiques par des cellules g\u00e9n\u00e9tiquement modifi\u00e9es pr\u00e9sentes dans le dispositif.<\/h4>\n<p>&nbsp;<\/p>\n<h4 class=\"BodyB\"><span lang=\"EN-GB\">Pour pouvoir \u00e9valuer la viabilit\u00e9 \u00e9conomique de l&rsquo;implant Optogenerapy dans diff\u00e9rents pays d&rsquo;Europe, il est important de recueillir des informations relatives \u00e0 l&rsquo;effet du traitement actuel sur la qualit\u00e9 de vie et l&rsquo;\u00e9tat de sant\u00e9 des patients atteints de scl\u00e9rose en plaques. Les donn\u00e9es de cette recherche seront reprises dans des rapports et publications scientifiques.<\/span><\/h4>\n<p>&nbsp;<\/p>\n<h4>Pour en savoir plus sur le projet Optogenerapy et l&rsquo;impact qui en est attendu, n&rsquo;h\u00e9sitez pas \u00e0 visiter notre site\u00a0<a href=\"https:\/\/optogenerapy.eu\/about-optogenerapy\/\" target=\"_blank\" rel=\"noopener noreferrer\"><span style=\"color: #800080;\">\u00c0 propos de nous<\/span>\u00a0<\/a>page.<\/h4>\n<p>[\/vc_column_text][\/vc_column][\/vc_row][vc_row css=\u00a0\u00bb.vc_custom_1544459247471{border-bottom-width: 20px !important;padding-top: 50px !important;padding-right: 50px !important;padding-bottom: 50px !important;padding-left: 50px !important;background-color: #ffffff !important;}\u00a0\u00bb][vc_column width=\u00a0\u00bb1\/2&Prime;][vc_column_text css=\u00a0\u00bb.vc_custom_1544460595605{padding-bottom: 20px !important;}\u00a0\u00bb]<\/p>\n<h2>R\u00e9pondez \u00e0 notre enqu\u00eate!<\/h2>\n<p>[\/vc_column_text][vc_column_text css=\u00a0\u00bb.vc_custom_1544460601963{padding-bottom: 20px !important;}\u00a0\u00bb]<\/p>\n<h4>Aidez-nous \u00e0 d\u00e9velopper un meilleur traitement pour la scl\u00e9rose en plaques en nous faisant part de vos pr\u00e9f\u00e9rences de traitement et de vos impressions sur la maladie.<\/h4>\n<p>&nbsp;<\/p>\n<h4>Vos donn\u00e9es seront utilis\u00e9es de fa\u00e7on group\u00e9e \u00e0 des fins internes et ne seront jamais transf\u00e9r\u00e9es \u00e0 des tiers ni communiqu\u00e9es publiquement.<\/h4>\n<p>[\/vc_column_text][vc_column_text]<a href=\"https:\/\/erasmusuniversity.eu.qualtrics.com\/jfe\/form\/SV_9MsVlQW2K278JDL\" target=\"_blank\" style=\"background-color: #662483;font-size: 16px\" class=\"qodef-btn qodef-btn-huge qodef-btn-solid\"  >\n        <span class=\"qodef-btn-text\">PARTICIPEZ \u00c0 NOTRE ENQU\u00caTE<\/span>\n    <span class=\"qodef-btn-text-icon\"><i class=\"qodef-icon-font-awesome fa  \" ><\/i><\/span>\n<\/a>[\/vc_column_text][\/vc_column][vc_column width=\u00a0\u00bb1\/2&Prime;][vc_column_text css=\u00a0\u00bb.vc_custom_1544459521225{padding-bottom: 20px !important;}\u00a0\u00bb]<\/p>\n<h2>Contactez-nous<\/h2>\n<p>[\/vc_column_text][vc_column_text css=\u00a0\u00bb.vc_custom_1544460541466{padding-bottom: 20px !important;}\u00a0\u00bb]<\/p>\n<h4>Si vous avez des questions concernant notre enqu\u00eate, si vous souhaitez en savoir plus sur le projet, ou encore si vous voulez \u00eatre inform\u00e9(e) de ses r\u00e9sultats, n&rsquo;h\u00e9sitez pas \u00e0 nous contacter \u00e0 travers le formulaire suivant:<\/h4>\n<p>[\/vc_column_text]\n<div class=\"wpcf7 no-js\" id=\"wpcf7-f12816-o1\" lang=\"fr-FR\" dir=\"ltr\" data-wpcf7-id=\"12816\">\n<div class=\"screen-reader-response\"><p role=\"status\" aria-live=\"polite\" aria-atomic=\"true\"><\/p> <ul><\/ul><\/div>\n<form action=\"\/fr\/wp-json\/wp\/v2\/pages\/12754#wpcf7-f12816-o1\" method=\"post\" class=\"wpcf7-form init\" aria-label=\"Formulaire de contact\" novalidate=\"novalidate\" data-status=\"init\">\n<fieldset class=\"hidden-fields-container\"><input type=\"hidden\" name=\"_wpcf7\" value=\"12816\" \/><input type=\"hidden\" name=\"_wpcf7_version\" value=\"6.1.5\" \/><input type=\"hidden\" name=\"_wpcf7_locale\" value=\"fr_FR\" \/><input type=\"hidden\" name=\"_wpcf7_unit_tag\" value=\"wpcf7-f12816-o1\" \/><input type=\"hidden\" name=\"_wpcf7_container_post\" value=\"0\" \/><input type=\"hidden\" name=\"_wpcf7_posted_data_hash\" value=\"\" \/><input type=\"hidden\" name=\"_wpcf7_recaptcha_response\" value=\"\" \/>\n<\/fieldset>\n<p><label> Votre nom (obligatoire)<br \/>\n<span class=\"wpcf7-form-control-wrap\" data-name=\"your-name\"><input size=\"40\" maxlength=\"400\" class=\"wpcf7-form-control wpcf7-text wpcf7-validates-as-required\" aria-required=\"true\" aria-invalid=\"false\" value=\"\" type=\"text\" name=\"your-name\" \/><\/span> <\/label>\n<\/p>\n<p><label> Votre adresse \u00e9lectronique (obligatoire)<br \/>\n<span class=\"wpcf7-form-control-wrap\" data-name=\"your-email\"><input size=\"40\" maxlength=\"400\" class=\"wpcf7-form-control wpcf7-email wpcf7-validates-as-required wpcf7-text wpcf7-validates-as-email\" aria-required=\"true\" aria-invalid=\"false\" value=\"\" type=\"email\" name=\"your-email\" \/><\/span> <\/label>\n<\/p>\n<p><label> Votre message<br \/>\n<span class=\"wpcf7-form-control-wrap\" data-name=\"your-message\"><textarea cols=\"40\" rows=\"10\" maxlength=\"2000\" class=\"wpcf7-form-control wpcf7-textarea\" aria-invalid=\"false\" name=\"your-message\"><\/textarea><\/span> <\/label>\n<\/p>\n<p><span class=\"wpcf7-form-control-wrap\" data-name=\"Hallegitiacceptalavslegal\"><span class=\"wpcf7-form-control wpcf7-acceptance\"><span class=\"wpcf7-list-item\"><input type=\"checkbox\" name=\"Hallegitiacceptalavslegal\" value=\"1\" aria-invalid=\"false\" \/><\/span><\/span><\/span><label> J'accepte la <a href=\"https:\/\/optogenerapy.eu\/policy-privacy\/\">politique de confidentialit\u00e9 <\/a> et les <a href=\"https:\/\/optogenerapy.eu\/legal-warning\/\">mentions l\u00e9gales<\/a> d'Optogenerapy (*obligatoire)<br \/>\n<input class=\"wpcf7-form-control wpcf7-submit has-spinner\" type=\"submit\" value=\"Envoi\" \/><\/label>\n<\/p><div class=\"wpcf7-response-output\" aria-hidden=\"true\"><\/div>\n<\/form>\n<\/div>\n[\/vc_column][\/vc_row]<\/p>\n<\/div>","protected":false},"excerpt":{"rendered":"<p>[vc_row][vc_column][vc_single_image image=\u00a0\u00bb12628&Prime; img_size=\u00a0\u00bb1900&#215;350&Prime;][\/vc_column][\/vc_row][vc_row css=\u00a0\u00bb.vc_custom_1544454670638{background-color: #662483 !important;}\u00a0\u00bb][vc_column width=\u00a0\u00bb2\/3&Prime;][vc_column_text css=\u00a0\u00bb.vc_custom_1549539971685{padding-top: 50px !important;padding-right: 50px !important;padding-bottom: 10px !important;padding-left: 50px !important;}\u00a0\u00bb] Vous souffrez de scl\u00e9rose en&#8230;<\/p>\n","protected":false},"author":6,"featured_media":12344,"parent":0,"menu_order":0,"comment_status":"closed","ping_status":"closed","template":"full-width.php","meta":{"footnotes":""},"class_list":["post-12754","page","type-page","status-publish","has-post-thumbnail","hentry"],"yoast_head":"<!-- This site is optimized with the Yoast SEO plugin v27.4 - https:\/\/yoast.com\/product\/yoast-seo-wordpress\/ -->\n<title>Are you a Multiple Sclerosis patient? Participate in Optogenerapy project!<\/title>\n<meta name=\"description\" content=\"We are looking for Multiple Sclerosis patients to provide us with information on their quality of life and health status, and the reasons behind electing the treatment.\" \/>\n<meta name=\"robots\" content=\"index, follow, max-snippet:-1, max-image-preview:large, max-video-preview:-1\" \/>\n<link rel=\"canonical\" href=\"https:\/\/optogenerapy.eu\/fr\/enquete-patients-sclerose-plaques\/\" \/>\n<meta property=\"og:locale\" content=\"fr_FR\" \/>\n<meta property=\"og:type\" content=\"article\" \/>\n<meta property=\"og:title\" content=\"Are you a Multiple Sclerosis patient? Participate in Optogenerapy project!\" \/>\n<meta property=\"og:description\" content=\"We are looking for Multiple Sclerosis patients to provide us with information on their quality of life and health status, and the reasons behind electing the treatment.\" \/>\n<meta property=\"og:url\" content=\"https:\/\/optogenerapy.eu\/fr\/enquete-patients-sclerose-plaques\/\" \/>\n<meta property=\"og:site_name\" content=\"Optogenerapy\" \/>\n<meta property=\"article:modified_time\" content=\"2019-05-28T16:49:10+00:00\" \/>\n<meta property=\"og:image\" content=\"https:\/\/optogenerapy.eu\/wp-content\/uploads\/2017\/04\/doctor.jpg\" \/>\n\t<meta property=\"og:image:width\" content=\"600\" \/>\n\t<meta property=\"og:image:height\" content=\"504\" \/>\n\t<meta property=\"og:image:type\" content=\"image\/jpeg\" \/>\n<meta name=\"twitter:card\" content=\"summary_large_image\" \/>\n<meta name=\"twitter:label1\" content=\"Dur\u00e9e de lecture estim\u00e9e\" \/>\n\t<meta name=\"twitter:data1\" content=\"6 minutes\" \/>\n<script type=\"application\/ld+json\" class=\"yoast-schema-graph\">{\"@context\":\"https:\\\/\\\/schema.org\",\"@graph\":[{\"@type\":\"WebPage\",\"@id\":\"https:\\\/\\\/optogenerapy.eu\\\/fr\\\/enquete-patients-sclerose-plaques\\\/\",\"url\":\"https:\\\/\\\/optogenerapy.eu\\\/fr\\\/enquete-patients-sclerose-plaques\\\/\",\"name\":\"Are you a Multiple Sclerosis patient? Participate in Optogenerapy project!\",\"isPartOf\":{\"@id\":\"https:\\\/\\\/optogenerapy.eu\\\/fr\\\/#website\"},\"primaryImageOfPage\":{\"@id\":\"https:\\\/\\\/optogenerapy.eu\\\/fr\\\/enquete-patients-sclerose-plaques\\\/#primaryimage\"},\"image\":{\"@id\":\"https:\\\/\\\/optogenerapy.eu\\\/fr\\\/enquete-patients-sclerose-plaques\\\/#primaryimage\"},\"thumbnailUrl\":\"https:\\\/\\\/optogenerapy.eu\\\/wp-content\\\/uploads\\\/2017\\\/04\\\/doctor.jpg\",\"datePublished\":\"2018-12-10T16:15:30+00:00\",\"dateModified\":\"2019-05-28T16:49:10+00:00\",\"description\":\"We are looking for Multiple Sclerosis patients to provide us with information on their quality of life and health status, and the reasons behind electing the treatment.\",\"breadcrumb\":{\"@id\":\"https:\\\/\\\/optogenerapy.eu\\\/fr\\\/enquete-patients-sclerose-plaques\\\/#breadcrumb\"},\"inLanguage\":\"fr-FR\",\"potentialAction\":[{\"@type\":\"ReadAction\",\"target\":[\"https:\\\/\\\/optogenerapy.eu\\\/fr\\\/enquete-patients-sclerose-plaques\\\/\"]}]},{\"@type\":\"ImageObject\",\"inLanguage\":\"fr-FR\",\"@id\":\"https:\\\/\\\/optogenerapy.eu\\\/fr\\\/enquete-patients-sclerose-plaques\\\/#primaryimage\",\"url\":\"https:\\\/\\\/optogenerapy.eu\\\/wp-content\\\/uploads\\\/2017\\\/04\\\/doctor.jpg\",\"contentUrl\":\"https:\\\/\\\/optogenerapy.eu\\\/wp-content\\\/uploads\\\/2017\\\/04\\\/doctor.jpg\",\"width\":600,\"height\":504},{\"@type\":\"BreadcrumbList\",\"@id\":\"https:\\\/\\\/optogenerapy.eu\\\/fr\\\/enquete-patients-sclerose-plaques\\\/#breadcrumb\",\"itemListElement\":[{\"@type\":\"ListItem\",\"position\":1,\"name\":\"Inici\",\"item\":\"https:\\\/\\\/optogenerapy.eu\\\/fr\\\/\"},{\"@type\":\"ListItem\",\"position\":2,\"name\":\"Enqu\u00eate sur les patients atteints de scl\u00e9rose en plaques\"}]},{\"@type\":\"WebSite\",\"@id\":\"https:\\\/\\\/optogenerapy.eu\\\/fr\\\/#website\",\"url\":\"https:\\\/\\\/optogenerapy.eu\\\/fr\\\/\",\"name\":\"Optogenerapy\",\"description\":\"Altre lloc gestionat amb el WordPress\",\"potentialAction\":[{\"@type\":\"SearchAction\",\"target\":{\"@type\":\"EntryPoint\",\"urlTemplate\":\"https:\\\/\\\/optogenerapy.eu\\\/fr\\\/?s={search_term_string}\"},\"query-input\":{\"@type\":\"PropertyValueSpecification\",\"valueRequired\":true,\"valueName\":\"search_term_string\"}}],\"inLanguage\":\"fr-FR\"}]}<\/script>\n<!-- \/ Yoast SEO plugin. -->","yoast_head_json":{"title":"Are you a Multiple Sclerosis patient? Participate in Optogenerapy project!","description":"We are looking for Multiple Sclerosis patients to provide us with information on their quality of life and health status, and the reasons behind electing the treatment.","robots":{"index":"index","follow":"follow","max-snippet":"max-snippet:-1","max-image-preview":"max-image-preview:large","max-video-preview":"max-video-preview:-1"},"canonical":"https:\/\/optogenerapy.eu\/fr\/enquete-patients-sclerose-plaques\/","og_locale":"fr_FR","og_type":"article","og_title":"Are you a Multiple Sclerosis patient? Participate in Optogenerapy project!","og_description":"We are looking for Multiple Sclerosis patients to provide us with information on their quality of life and health status, and the reasons behind electing the treatment.","og_url":"https:\/\/optogenerapy.eu\/fr\/enquete-patients-sclerose-plaques\/","og_site_name":"Optogenerapy","article_modified_time":"2019-05-28T16:49:10+00:00","og_image":[{"width":600,"height":504,"url":"https:\/\/optogenerapy.eu\/wp-content\/uploads\/2017\/04\/doctor.jpg","type":"image\/jpeg"}],"twitter_card":"summary_large_image","twitter_misc":{"Dur\u00e9e de lecture estim\u00e9e":"6 minutes"},"schema":{"@context":"https:\/\/schema.org","@graph":[{"@type":"WebPage","@id":"https:\/\/optogenerapy.eu\/fr\/enquete-patients-sclerose-plaques\/","url":"https:\/\/optogenerapy.eu\/fr\/enquete-patients-sclerose-plaques\/","name":"Are you a Multiple Sclerosis patient? Participate in Optogenerapy project!","isPartOf":{"@id":"https:\/\/optogenerapy.eu\/fr\/#website"},"primaryImageOfPage":{"@id":"https:\/\/optogenerapy.eu\/fr\/enquete-patients-sclerose-plaques\/#primaryimage"},"image":{"@id":"https:\/\/optogenerapy.eu\/fr\/enquete-patients-sclerose-plaques\/#primaryimage"},"thumbnailUrl":"https:\/\/optogenerapy.eu\/wp-content\/uploads\/2017\/04\/doctor.jpg","datePublished":"2018-12-10T16:15:30+00:00","dateModified":"2019-05-28T16:49:10+00:00","description":"We are looking for Multiple Sclerosis patients to provide us with information on their quality of life and health status, and the reasons behind electing the treatment.","breadcrumb":{"@id":"https:\/\/optogenerapy.eu\/fr\/enquete-patients-sclerose-plaques\/#breadcrumb"},"inLanguage":"fr-FR","potentialAction":[{"@type":"ReadAction","target":["https:\/\/optogenerapy.eu\/fr\/enquete-patients-sclerose-plaques\/"]}]},{"@type":"ImageObject","inLanguage":"fr-FR","@id":"https:\/\/optogenerapy.eu\/fr\/enquete-patients-sclerose-plaques\/#primaryimage","url":"https:\/\/optogenerapy.eu\/wp-content\/uploads\/2017\/04\/doctor.jpg","contentUrl":"https:\/\/optogenerapy.eu\/wp-content\/uploads\/2017\/04\/doctor.jpg","width":600,"height":504},{"@type":"BreadcrumbList","@id":"https:\/\/optogenerapy.eu\/fr\/enquete-patients-sclerose-plaques\/#breadcrumb","itemListElement":[{"@type":"ListItem","position":1,"name":"Inici","item":"https:\/\/optogenerapy.eu\/fr\/"},{"@type":"ListItem","position":2,"name":"Enqu\u00eate sur les patients atteints de scl\u00e9rose en plaques"}]},{"@type":"WebSite","@id":"https:\/\/optogenerapy.eu\/fr\/#website","url":"https:\/\/optogenerapy.eu\/fr\/","name":"Optogenerapy","description":"Altre lloc gestionat amb el WordPress","potentialAction":[{"@type":"SearchAction","target":{"@type":"EntryPoint","urlTemplate":"https:\/\/optogenerapy.eu\/fr\/?s={search_term_string}"},"query-input":{"@type":"PropertyValueSpecification","valueRequired":true,"valueName":"search_term_string"}}],"inLanguage":"fr-FR"}]}},"_links":{"self":[{"href":"https:\/\/optogenerapy.eu\/fr\/wp-json\/wp\/v2\/pages\/12754","targetHints":{"allow":["GET"]}}],"collection":[{"href":"https:\/\/optogenerapy.eu\/fr\/wp-json\/wp\/v2\/pages"}],"about":[{"href":"https:\/\/optogenerapy.eu\/fr\/wp-json\/wp\/v2\/types\/page"}],"author":[{"embeddable":true,"href":"https:\/\/optogenerapy.eu\/fr\/wp-json\/wp\/v2\/users\/6"}],"replies":[{"embeddable":true,"href":"https:\/\/optogenerapy.eu\/fr\/wp-json\/wp\/v2\/comments?post=12754"}],"version-history":[{"count":0,"href":"https:\/\/optogenerapy.eu\/fr\/wp-json\/wp\/v2\/pages\/12754\/revisions"}],"wp:featuredmedia":[{"embeddable":true,"href":"https:\/\/optogenerapy.eu\/fr\/wp-json\/wp\/v2\/media\/12344"}],"wp:attachment":[{"href":"https:\/\/optogenerapy.eu\/fr\/wp-json\/wp\/v2\/media?parent=12754"}],"curies":[{"name":"wp","href":"https:\/\/api.w.org\/{rel}","templated":true}]}}